{"id":80,"date":"2018-10-29T17:55:46","date_gmt":"2018-10-29T16:55:46","guid":{"rendered":"https:\/\/www.myspeed.one\/?page_id=80"},"modified":"2018-10-29T21:06:45","modified_gmt":"2018-10-29T20:06:45","slug":"haftungsausschluss","status":"publish","type":"page","link":"https:\/\/www.myspeed.one\/es\/renuncia\/","title":{"rendered":"renuncia"},"content":{"rendered":"<p><\/p>\n<h1>renuncia<\/h1>\n<p><strong>Contenido de la oferta online.<\/strong><br \/>\nMYSPEED.ONE se reserva el derecho de no ser responsable de la actualidad, exactitud, integridad o calidad de la informaci\u00f3n proporcionada. Las reclamaciones de responsabilidad civil contra MYSPEED.ONE, que se refieren a la naturaleza material o inmaterial, que fueron causadas por el uso o desuso de la informaci\u00f3n proporcionada o por el uso de informaci\u00f3n incorrecta e incompleta, est\u00e1n excluidas, a menos que MYSPEED.ONE sea demostrablemente intencional. o negligencia grave. Todas las ofertas son sin compromiso. MYSPEED.ONE se reserva expresamente el derecho de cambiar, complementar o eliminar partes de las p\u00e1ginas o la oferta completa sin previo aviso, o de interrumpir la publicaci\u00f3n temporal o permanentemente.<\/p>\n<p><strong>izquierda<\/strong><br \/>\nEn el caso de referencias directas o indirectas a sitios web externos, que est\u00e1n fuera del alcance de la responsabilidad de MYSPEED.ONE, la obligaci\u00f3n de responsabilidad solo se aplicar\u00e1 en el caso de que MYSPEED.ONE tenga conocimiento de los contenidos y sea t\u00e9cnicamente posible y razonable utilizarlo en el sitio. Prevenir contenidos ilegales. MYSPEED.ONE por la presente declara expresamente que en el momento de la vinculaci\u00f3n, no se reconoci\u00f3 ning\u00fan contenido ilegal en las p\u00e1ginas vinculadas. MYSPEED.ONE no tiene influencia en el dise\u00f1o, el contenido o la autor\u00eda actuales y futuros de las p\u00e1ginas vinculadas y, por la presente, se desvincula expresamente de todos los contenidos de todas las p\u00e1ginas vinculadas que se modificaron despu\u00e9s de establecer el enlace. Esta declaraci\u00f3n se aplica a todos los enlaces y referencias dentro de la propia oferta de Internet. Por el contenido ilegal, incorrecto o incompleto, y especialmente por los da\u00f1os resultantes del uso o no uso de esta informaci\u00f3n, el proveedor del tercero vinculado es responsable.<\/p>\n<p><strong>derechos de autor<\/strong><br \/>\nMYSPEED.ONE se esfuerza por respetar los derechos de autor de los archivos multimedia y textos utilizados en todas las publicaciones, utilizar archivos multimedia y textos creados por MYSPEED.ONE o acceder a archivos multimedia y textos sin licencia. Si hubiera un archivo multimedia o texto sin marcar protegido por un copyright extranjero en las p\u00e1ginas respectivas, no se podr\u00eda determinar el copyright de MYSPEED.ONE. En caso de que se produzca tal infracci\u00f3n involuntaria de derechos de autor, MYSPEED.ONE eliminar\u00e1 el objeto correspondiente despu\u00e9s de la notificaci\u00f3n o lo marcar\u00e1 con el derecho de autor correspondiente. Los derechos de autor de los objetos creados por MYSPEED.ONE se mantienen \u00fanicamente con MYSPEED.ONE. Queda prohibida la reproducci\u00f3n o el uso de dichos archivos multimedia o textos en otras publicaciones electr\u00f3nicas o impresas sin el consentimiento expreso por escrito de MYSPEED.ONE.<\/p>\n<p><strong>validez legal<\/strong><br \/>\nSi las secciones o los t\u00e9rminos individuales de esta declaraci\u00f3n no son legales o correctos, el contenido o la validez de las otras partes no se ver\u00e1n afectados por este hecho.<\/p>\n<h1 style=\"margin-top: 35px;\"><strong>Cr\u00e9ditos de las fotograf\u00edas<\/strong><\/h1>\n<p>Error404-Image: <a href=\"https:\/\/www.freepik.com\/free-vector\/funny-error-404-background-design_1161579.htm\" target=\"_blank\" rel=\"noopener\">Designed by Bamdewanto<\/a><\/p>\n<p><\/p>","protected":false},"excerpt":{"rendered":"<p><a class=\"ninja_pages_read_more\"  href=\"https:\/\/www.myspeed.one\/es\/renuncia\/\"><\/a><\/p>\n","protected":false},"author":1,"featured_media":0,"parent":0,"menu_order":0,"comment_status":"closed","ping_status":"closed","template":"","meta":{"footnotes":""},"class_list":["post-80","page","type-page","status-publish","hentry"],"_links":{"self":[{"href":"https:\/\/www.myspeed.one\/es\/wp-json\/wp\/v2\/pages\/80","targetHints":{"allow":["GET"]}}],"collection":[{"href":"https:\/\/www.myspeed.one\/es\/wp-json\/wp\/v2\/pages"}],"about":[{"href":"https:\/\/www.myspeed.one\/es\/wp-json\/wp\/v2\/types\/page"}],"author":[{"embeddable":true,"href":"https:\/\/www.myspeed.one\/es\/wp-json\/wp\/v2\/users\/1"}],"replies":[{"embeddable":true,"href":"https:\/\/www.myspeed.one\/es\/wp-json\/wp\/v2\/comments?post=80"}],"version-history":[{"count":8,"href":"https:\/\/www.myspeed.one\/es\/wp-json\/wp\/v2\/pages\/80\/revisions"}],"predecessor-version":[{"id":97,"href":"https:\/\/www.myspeed.one\/es\/wp-json\/wp\/v2\/pages\/80\/revisions\/97"}],"wp:attachment":[{"href":"https:\/\/www.myspeed.one\/es\/wp-json\/wp\/v2\/media?parent=80"}],"curies":[{"name":"wp","href":"https:\/\/api.w.org\/{rel}","templated":true}]}}