{"id":8,"date":"2018-10-24T23:35:27","date_gmt":"2018-10-24T21:35:27","guid":{"rendered":"https:\/\/www.myspeed.one\/?page_id=8"},"modified":"2021-06-22T01:59:14","modified_gmt":"2021-06-21T23:59:14","slug":"home","status":"publish","type":"page","link":"https:\/\/www.myspeed.one\/fr\/","title":{"rendered":"Home"},"content":{"rendered":"<p><\/p>\n<h1 style=\"text-align: center;\"><strong>Votre test de vitesse Internet DSL ind\u00e9pendant<\/strong><\/h1>\n<div class=\"desktop\">\n<p>&nbsp;<\/p>\n<p><iframe src=\"https:\/\/www.myspeed.one\/speedtest\/fr\/\" id=\"idIframe\" width=\"100%\" onload=\"iframeLoaded()\" style=\"border: none;\" allowfullscreen> <\/iframe><\/div>\n<div class=\"mobile\">\n<p><span style=\"color: #bd3c3c;\">Veuillez noter que le test g\u00e9n\u00e8re un volume de donn\u00e9es.<\/span><\/p>\n<p style=\"text-align: center;\"><a class=\"mso-button fancybox-iframe\" href=\"https:\/\/www.myspeed.one\/speedtest\/fr\/\" target=\"_blank\" rel=\"noopener noreferrer\">Lancer le test<\/a><\/p>\n<\/div>\n<div class=\"mso-spec-ads-format\">\n<div class=\"mso-spec-ads-left\">\n\n<\/div>\n<div class=\"mso-spec-ads-right\">\n\n<\/div>\n<\/div>\n<p><\/p>","protected":false},"excerpt":{"rendered":"<p><a class=\"ninja_pages_read_more\"  href=\"https:\/\/www.myspeed.one\/fr\/\"><\/a><\/p>\n","protected":false},"author":1,"featured_media":0,"parent":0,"menu_order":0,"comment_status":"closed","ping_status":"closed","template":"","meta":{"footnotes":""},"class_list":["post-8","page","type-page","status-publish","hentry"],"_links":{"self":[{"href":"https:\/\/www.myspeed.one\/fr\/wp-json\/wp\/v2\/pages\/8","targetHints":{"allow":["GET"]}}],"collection":[{"href":"https:\/\/www.myspeed.one\/fr\/wp-json\/wp\/v2\/pages"}],"about":[{"href":"https:\/\/www.myspeed.one\/fr\/wp-json\/wp\/v2\/types\/page"}],"author":[{"embeddable":true,"href":"https:\/\/www.myspeed.one\/fr\/wp-json\/wp\/v2\/users\/1"}],"replies":[{"embeddable":true,"href":"https:\/\/www.myspeed.one\/fr\/wp-json\/wp\/v2\/comments?post=8"}],"version-history":[{"count":89,"href":"https:\/\/www.myspeed.one\/fr\/wp-json\/wp\/v2\/pages\/8\/revisions"}],"predecessor-version":[{"id":200,"href":"https:\/\/www.myspeed.one\/fr\/wp-json\/wp\/v2\/pages\/8\/revisions\/200"}],"wp:attachment":[{"href":"https:\/\/www.myspeed.one\/fr\/wp-json\/wp\/v2\/media?parent=8"}],"curies":[{"name":"wp","href":"https:\/\/api.w.org\/{rel}","templated":true}]}}