{"id":80,"date":"2018-10-29T17:55:46","date_gmt":"2018-10-29T16:55:46","guid":{"rendered":"https:\/\/www.myspeed.one\/?page_id=80"},"modified":"2018-10-29T21:06:45","modified_gmt":"2018-10-29T20:06:45","slug":"haftungsausschluss","status":"publish","type":"page","link":"https:\/\/www.myspeed.one\/it\/disconoscimento\/","title":{"rendered":"disconoscimento"},"content":{"rendered":"<p><\/p>\n<h1>disconoscimento<\/h1>\n<p><strong>Contenuto dell&#8217;offerta online<\/strong><br \/>\nMYSPEED.ONE si riserva il diritto di non essere responsabile per l&#8217;attualit\u00e0, la correttezza, la completezza o la qualit\u00e0 delle informazioni fornite. Richieste di risarcimento contro MYSPEED.ONE, che si riferiscono a materiali o immateriale causati dall&#8217;uso o il disuso di informazioni o l&#8217;uso di informazioni errate o incomplete sono generalmente esclusi, fornito alcuna prova di dolo di MYSPEED.ONE o grave negligenza. Tutte le offerte sono non vincolanti. MYSPEED.ONE si riserva espressamente il diritto di modificare, integrare o eliminare parti delle pagine o l&#8217;intera offerta senza preavviso, o di interrompere temporaneamente la pubblicazione o permanentemente.<\/p>\n<p><strong>links<\/strong><br \/>\nPer i collegamenti diretti o indiretti ad altri siti Internet che si trovano al di fuori della responsabilit\u00e0 di MYSPEED.ONE, entrer\u00e0 in vigore una responsabilit\u00e0 solo nel caso in cui MYSPEED.ONE \u00e8 a conoscenza dei contenuti e fosse tecnicamente possibile e ragionevole per utilizzare in Prevenire contenuti illegali. MYSPEED.ONE dichiara espressamente che al momento del collegamento, nessun contenuto illegale era riconoscibile nelle pagine collegate. MYSPEED.ONE non ha alcuna influenza sulla struttura attuale e futura, i contenuti o la paternit\u00e0 dei siti collegati \/ collegati e con la presente prende espressamente le distanze da tutti i contenuti di tutti i siti collegati \/ collegati che sono stati modificati dopo il link. Questa dichiarazione si applica a tutti i link e riferimenti all&#8217;interno della propria offerta internet. Per contenuti illegali, errati o incompleti e in particolare per danni derivanti dall&#8217;uso o dal mancato utilizzo di queste informazioni, \u00e8 responsabile il fornitore della terza parte collegata.<\/p>\n<p><strong>diritto d&#8217;autore<\/strong><br \/>\nMYSPEED.ONE si impegna a rispettare i diritti d&#8217;autore di file multimediali utilizzati e testi, di utilizzare il materiale creato da MYSPEED.ONE file multimediali e testi o di utilizzare i file multimediali senza licenza e testi. In caso di file multimediali non marcati o testo protetto da copyright straniero sulle rispettive pagine, non \u00e8 stato possibile determinare il copyright di MYSPEED.ONE. In caso di violazione involontaria del copyright, MYSPEED.ONE rimuover\u00e0 l&#8217;oggetto corrispondente dopo la notifica o contrassegnarlo con un copyright appropriato. Il copyright per oggetti creati da MYSPEED.ONE rimane esclusivamente con MYSPEED.ONE. La riproduzione o l&#8217;utilizzo di tali file multimediali o testi in altre pubblicazioni elettroniche o stampate \u00e8 vietato senza l&#8217;espresso consenso scritto di MYSPEED.ONE.<\/p>\n<p><strong>validit\u00e0 legale<\/strong><br \/>\nSe sezioni o termini individuali di questa dichiarazione non sono legali o corretti, il contenuto o la validit\u00e0 delle altre parti non sono influenzati da questo fatto.<\/p>\n<h1 style=\"margin-top: 35px;\"><strong>photo Credits<\/strong><\/h1>\n<p>Error404-Image: <a href=\"https:\/\/www.freepik.com\/free-vector\/funny-error-404-background-design_1161579.htm\" target=\"_blank\" rel=\"noopener\">Designed by Bamdewanto<\/a><\/p>\n<p><\/p>","protected":false},"excerpt":{"rendered":"<p><a class=\"ninja_pages_read_more\"  href=\"https:\/\/www.myspeed.one\/it\/disconoscimento\/\"><\/a><\/p>\n","protected":false},"author":1,"featured_media":0,"parent":0,"menu_order":0,"comment_status":"closed","ping_status":"closed","template":"","meta":{"footnotes":""},"class_list":["post-80","page","type-page","status-publish","hentry"],"_links":{"self":[{"href":"https:\/\/www.myspeed.one\/it\/wp-json\/wp\/v2\/pages\/80","targetHints":{"allow":["GET"]}}],"collection":[{"href":"https:\/\/www.myspeed.one\/it\/wp-json\/wp\/v2\/pages"}],"about":[{"href":"https:\/\/www.myspeed.one\/it\/wp-json\/wp\/v2\/types\/page"}],"author":[{"embeddable":true,"href":"https:\/\/www.myspeed.one\/it\/wp-json\/wp\/v2\/users\/1"}],"replies":[{"embeddable":true,"href":"https:\/\/www.myspeed.one\/it\/wp-json\/wp\/v2\/comments?post=80"}],"version-history":[{"count":8,"href":"https:\/\/www.myspeed.one\/it\/wp-json\/wp\/v2\/pages\/80\/revisions"}],"predecessor-version":[{"id":97,"href":"https:\/\/www.myspeed.one\/it\/wp-json\/wp\/v2\/pages\/80\/revisions\/97"}],"wp:attachment":[{"href":"https:\/\/www.myspeed.one\/it\/wp-json\/wp\/v2\/media?parent=80"}],"curies":[{"name":"wp","href":"https:\/\/api.w.org\/{rel}","templated":true}]}}