{"id":80,"date":"2018-10-29T17:55:46","date_gmt":"2018-10-29T16:55:46","guid":{"rendered":"https:\/\/www.myspeed.one\/?page_id=80"},"modified":"2018-10-29T21:06:45","modified_gmt":"2018-10-29T20:06:45","slug":"haftungsausschluss","status":"publish","type":"page","link":"https:\/\/www.myspeed.one\/pl\/zrzeczenie-sie\/","title":{"rendered":"zrzeczenie sie"},"content":{"rendered":"<p><\/p>\n<h1>zrzeczenie sie<\/h1>\n<p><strong>Tre\u015b\u0107 oferty online<\/strong><br \/>\nMYSPEED.ONE zastrzega sobie prawo do nie ponoszenia odpowiedzialno\u015bci za aktualno\u015b\u0107, poprawno\u015b\u0107, kompletno\u015b\u0107 lub jako\u015b\u0107 przekazywanych informacji. Roszczenia przeciwko MYSPEED.ONE, kt\u00f3re odnosz\u0105 si\u0119 do materia\u0142u lub spowodowanego przez zastosowanie lub u\u017cycia informacji lub stosowania nieprawid\u0142owych lub niekompletnych informacji jest zasadniczo wykluczone, o ile nie stwierdzono umy\u015blnego z MYSPEED.ONE lub ra\u017c\u0105ce niedbalstwo. Wszystkie oferty s\u0105 niewi\u0105\u017c\u0105ce. MYSPEED.ONE zastrzega sobie prawo do zmiany cz\u0119\u015bci lub ca\u0142ej oferty bez wcze\u015bniejszego powiadomienia, doda\u0107, usun\u0105\u0107 lub zaprzestania publikacji czasowo lub na sta\u0142e.<\/p>\n<p><strong>links<\/strong><br \/>\nDo bezpo\u015brednich lub po\u015brednich odno\u015bnik\u00f3w do innych stron internetowych, kt\u00f3re le\u017c\u0105 poza zakresem odpowiedzialno\u015bci MYSPEED.ONE, wchodzi w \u017cycie zobowi\u0105zanie tylko w przypadku, gdy MYSPEED.ONE zdaje sobie spraw\u0119 z tre\u015bci i by\u0142o to technicznie mo\u017cliwe i uzasadnione, aby korzysta\u0107 w Zapobiegaj nielegalnym tre\u015bciom. MYSPEED.ONE niniejszym wyra\u017anie o\u015bwiadcza, \u017ce \u200b\u200bna \u0142\u0105czach nie by\u0142o \u017cadnych nielegalnych tre\u015bci na po\u0142\u0105czonych stronach. MYSPEED.ONE nie ma \u017cadnego wp\u0142ywu na aktualny i przysz\u0142y kszta\u0142t, tre\u015bci lub autorstwo po\u0142\u0105czonych \/ powi\u0105zanych stron i niniejszym wyra\u017anie dystansuje si\u0119 od wszelkich tre\u015bci wszystkich po\u0142\u0105czonych \/ powi\u0105zanych stron, kt\u00f3re zosta\u0142y zmienione po link. To stwierdzenie dotyczy wszystkich link\u00f3w i odno\u015bnik\u00f3w w ramach w\u0142asnej oferty internetowej. Za nielegalne, b\u0142\u0119dne lub niekompletne tre\u015bci oraz za szkody wynikaj\u0105ce z u\u017cywania lub nieu\u017cywania takich informacji tylko dostawc\u0105 po\u0142\u0105czonej stronie ponosi odpowiedzialno\u015bci zagranicznej.<\/p>\n<p><strong>prawo autorskie<\/strong><br \/>\nMYSPEED.ONE d\u0105\u017cy do przestrzegania praw autorskich wykorzystywanych plik\u00f3w multimedialnych i tekst\u00f3w, u\u017cywa\u0107 materia\u0142\u00f3w stworzonych przez MYSPEED.ONE plik\u00f3w multimedialnych i teksty lub korzysta\u0107 z plik\u00f3w multimedialnych bez licencji i tekst\u00f3w. Je\u017celi na odpowiednich stronach znajduje si\u0119 nieoznakowany plik multimedialny lub tekst chroniony zagranicznymi prawami autorskimi, nie mo\u017cna ustali\u0107 praw autorskich do MYSPEED.ONE. W przypadku takiego niezamierzonego naruszenia praw autorskich MYSPEED.ONE usunie odpowiedni obiekt po powiadomieniu lub oznaczy go odpowiednim prawem autorskim. Prawa autorskie do obiekt\u00f3w stworzonych przez MYSPEED.ONE pozostaj\u0105 wy\u0142\u0105cznie w MYSPEED.ONE. Powielanie lub wykorzystywanie takich plik\u00f3w multimedialnych lub tekst\u00f3w w innych publikacjach elektronicznych lub drukowanych jest zabronione bez wyra\u017anej pisemnej zgody MYSPEED.ONE.<\/p>\n<p><strong>moc prawn\u0105<\/strong><br \/>\nJe\u015bli sekcje lub poszczeg\u00f3lne warunki tego o\u015bwiadczenia nie s\u0105 zgodne z prawem lub poprawne, tre\u015b\u0107 lub wa\u017cno\u015b\u0107 pozosta\u0142ych cz\u0119\u015bci pozostaje bez wp\u0142ywu na ten fakt.<\/p>\n<h1 style=\"margin-top: 35px;\"><strong>zdj\u0119cie kredyt\u00f3w<\/strong><\/h1>\n<p>Error404-Image: <a href=\"https:\/\/www.freepik.com\/free-vector\/funny-error-404-background-design_1161579.htm\" target=\"_blank\" rel=\"noopener\">Designed by Bamdewanto<\/a><\/p>\n<p><\/p>","protected":false},"excerpt":{"rendered":"<p><a class=\"ninja_pages_read_more\"  href=\"https:\/\/www.myspeed.one\/pl\/zrzeczenie-sie\/\"><\/a><\/p>\n","protected":false},"author":1,"featured_media":0,"parent":0,"menu_order":0,"comment_status":"closed","ping_status":"closed","template":"","meta":{"footnotes":""},"class_list":["post-80","page","type-page","status-publish","hentry"],"_links":{"self":[{"href":"https:\/\/www.myspeed.one\/pl\/wp-json\/wp\/v2\/pages\/80","targetHints":{"allow":["GET"]}}],"collection":[{"href":"https:\/\/www.myspeed.one\/pl\/wp-json\/wp\/v2\/pages"}],"about":[{"href":"https:\/\/www.myspeed.one\/pl\/wp-json\/wp\/v2\/types\/page"}],"author":[{"embeddable":true,"href":"https:\/\/www.myspeed.one\/pl\/wp-json\/wp\/v2\/users\/1"}],"replies":[{"embeddable":true,"href":"https:\/\/www.myspeed.one\/pl\/wp-json\/wp\/v2\/comments?post=80"}],"version-history":[{"count":8,"href":"https:\/\/www.myspeed.one\/pl\/wp-json\/wp\/v2\/pages\/80\/revisions"}],"predecessor-version":[{"id":97,"href":"https:\/\/www.myspeed.one\/pl\/wp-json\/wp\/v2\/pages\/80\/revisions\/97"}],"wp:attachment":[{"href":"https:\/\/www.myspeed.one\/pl\/wp-json\/wp\/v2\/media?parent=80"}],"curies":[{"name":"wp","href":"https:\/\/api.w.org\/{rel}","templated":true}]}}