{"id":84,"date":"2018-10-29T18:24:57","date_gmt":"2018-10-29T17:24:57","guid":{"rendered":"https:\/\/www.myspeed.one\/?page_id=84"},"modified":"2026-03-20T10:03:02","modified_gmt":"2026-03-20T09:03:02","slug":"impressum","status":"publish","type":"page","link":"https:\/\/www.myspeed.one\/pl\/odcisk\/","title":{"rendered":"odcisk"},"content":{"rendered":"<p><\/p>\n<h1>odcisk<\/h1>\n<p><span style=\"color: #b32d2d;\"><span class=\"tlid-translation translation\"><span class=\"\" title=\"\">Nale\u017cy pami\u0119ta\u0107, \u017ce wsparcie udzielane jest wy\u0142\u0105cznie za po\u015brednictwem <span style=\"color: #993300;\"><strong><a style=\"color: #993300;\" href=\"https:\/\/www.myspeed.one\/pl\/kontakt\">formularza kontaktowego<\/a><\/strong><\/span>.<\/span><\/span><\/span><\/p>\n<p><span style=\"font-size: 20px;\"><strong>Tre\u015b\u0107 odpowiedzialna<\/strong><\/span><br \/>\nNicolay Bohlen<br \/>\nQuerkamp 11<br \/>\nD-22119 Hamburg<br \/>\neMail: info@myspeed.one<\/p>\n<p><\/p>","protected":false},"excerpt":{"rendered":"<p><a class=\"ninja_pages_read_more\"  href=\"https:\/\/www.myspeed.one\/pl\/odcisk\/\"><\/a><\/p>\n","protected":false},"author":1,"featured_media":0,"parent":0,"menu_order":0,"comment_status":"closed","ping_status":"closed","template":"","meta":{"footnotes":""},"class_list":["post-84","page","type-page","status-publish","hentry"],"_links":{"self":[{"href":"https:\/\/www.myspeed.one\/pl\/wp-json\/wp\/v2\/pages\/84","targetHints":{"allow":["GET"]}}],"collection":[{"href":"https:\/\/www.myspeed.one\/pl\/wp-json\/wp\/v2\/pages"}],"about":[{"href":"https:\/\/www.myspeed.one\/pl\/wp-json\/wp\/v2\/types\/page"}],"author":[{"embeddable":true,"href":"https:\/\/www.myspeed.one\/pl\/wp-json\/wp\/v2\/users\/1"}],"replies":[{"embeddable":true,"href":"https:\/\/www.myspeed.one\/pl\/wp-json\/wp\/v2\/comments?post=84"}],"version-history":[{"count":20,"href":"https:\/\/www.myspeed.one\/pl\/wp-json\/wp\/v2\/pages\/84\/revisions"}],"predecessor-version":[{"id":313,"href":"https:\/\/www.myspeed.one\/pl\/wp-json\/wp\/v2\/pages\/84\/revisions\/313"}],"wp:attachment":[{"href":"https:\/\/www.myspeed.one\/pl\/wp-json\/wp\/v2\/media?parent=84"}],"curies":[{"name":"wp","href":"https:\/\/api.w.org\/{rel}","templated":true}]}}